{"id":16200,"date":"2015-11-18T08:34:00","date_gmt":"2015-11-18T07:34:00","guid":{"rendered":"https:\/\/interesting-english.com\/about-us\/"},"modified":"2025-11-25T13:17:19","modified_gmt":"2025-11-25T12:17:19","slug":"sobre-nosotros","status":"publish","type":"page","link":"https:\/\/interesting-english.com\/es\/sobre-nosotros\/","title":{"rendered":"Sobre nosotros"},"content":{"rendered":"<h2>\u00abPara aprender un idioma, primero hay que aprender a aprender\u00bb<\/h2>\n<p>\t\t\t\t\t\t\t\t\t\t\t\t\t\t\t<img loading=\"lazy\" decoding=\"async\" width=\"640\" height=\"638\" src=\"https:\/\/interesting-english.com\/wp-content\/uploads\/2025\/03\/Profile-1024x1020.webp\" alt=\"\" srcset=\"https:\/\/interesting-english.com\/wp-content\/uploads\/2025\/03\/Profile-1024x1020.webp 1024w, https:\/\/interesting-english.com\/wp-content\/uploads\/2025\/03\/Profile-300x300.webp 300w, https:\/\/interesting-english.com\/wp-content\/uploads\/2025\/03\/Profile-150x150.webp 150w, https:\/\/interesting-english.com\/wp-content\/uploads\/2025\/03\/Profile-768x765.webp 768w, https:\/\/interesting-english.com\/wp-content\/uploads\/2025\/03\/Profile.webp 1336w\" sizes=\"auto, (max-width: 640px) 100vw, 640px\">\t\t\t\t\t\t\t\t\t\t\t\t\t\t\t<\/p>\n<p data-sourcepos=\"5:1-5:215\">Mi pasi\u00f3n reside en capacitar a las personas para que alcancen sus objetivos de aprendizaje de idiomas. Mi experiencia en la ense\u00f1anza del idioma ingl\u00e9s ha sido diversa y gratificante, lo que me ha convertido en un educador dedicado y adaptable. <\/p>\n<p data-sourcepos=\"7:1-7:457\">Mi tiempo en Cambridge School fue fundamental para desarrollar mi experiencia pedag\u00f3gica. Como formador y coordinador en el Programa de Formaci\u00f3n y Mejora de la Ense\u00f1anza, dirig\u00ed seminarios y talleres semanales, colabor\u00e9 con profesores experimentados en reuniones de coordinaci\u00f3n mensuales y particip\u00e9 en un riguroso proceso de desarrollo profesional que implic\u00f3 un an\u00e1lisis profundo de las clases. Esta experiencia perfeccion\u00f3 mi capacidad para liderar, asesorar y mejorar continuamente las pr\u00e1cticas de ense\u00f1anza.  <\/p>\n<p data-sourcepos=\"9:1-9:250\">Para seguir adelante con mi compromiso con la excelencia, obtuve el DELTA (Diploma in English Language Teaching to Adults), una cualificaci\u00f3n muy respetada que profundiz\u00f3 significativamente mi comprensi\u00f3n de la adquisici\u00f3n del lenguaje y perfeccion\u00f3 mis metodolog\u00edas de ense\u00f1anza.<\/p>\n<p data-sourcepos=\"11:1-11:262\">La ense\u00f1anza de clases corporativas en Tenerife me ha proporcionado valiosos conocimientos sobre las necesidades espec\u00edficas de los profesionales de diversos sectores. Esto me ha permitido cultivar la creatividad en el desarrollo de programas acad\u00e9micos a medida y en la b\u00fasqueda de materiales atractivos y relevantes. <\/p>\n<p data-sourcepos=\"13:1-13:482\">Aprovechando el potencial de la tecnolog\u00eda, he explorado con entusiasmo los recursos en l\u00ednea para crear aulas virtuales din\u00e1micas. Esto me permite ampliar las oportunidades de aprendizaje m\u00e1s all\u00e1 del aula tradicional, atendiendo a los diversos estilos y horarios de aprendizaje de los estudiantes. Tambi\u00e9n dedico tiempo a crear contenido para aplicaciones de memorizaci\u00f3n, proporcionando a los estudiantes valiosas herramientas para reforzar su aprendizaje. Ver el progreso y el \u00e9xito de mis alumnos es el aspecto m\u00e1s gratificante de mi trabajo.   <\/p>\n","protected":false},"excerpt":{"rendered":"<p>\u00abPara aprender un idioma, primero hay que aprender a aprender\u00bb Mi pasi\u00f3n reside en capacitar a las personas para que [&hellip;]<\/p>\n","protected":false},"author":8,"featured_media":0,"parent":0,"menu_order":0,"comment_status":"closed","ping_status":"closed","template":"","meta":{"pmpro_default_level":"","_themeisle_gutenberg_block_has_review":false,"footnotes":""},"class_list":["post-16200","page","type-page","status-publish","hentry","pmpro-has-access"],"yoast_head":"<!-- This site is optimized with the Yoast SEO Premium plugin v20.6 (Yoast SEO v26.4) - https:\/\/yoast.com\/wordpress\/plugins\/seo\/ -->\n<title>Sobre nosotros - Interesting English<\/title>\n<meta name=\"description\" content=\"Descubra nuestra historia. Profesores nativos apasionados y comprometidos con su \u00e9xito en ingl\u00e9s a trav\u00e9s de experiencias de aprendizaje en l\u00ednea personalizadas y atractivas.\" \/>\n<meta name=\"robots\" content=\"index, follow, max-snippet:-1, max-image-preview:large, max-video-preview:-1\" \/>\n<link rel=\"canonical\" href=\"https:\/\/interesting-english.com\/es\/sobre-nosotros\/\" \/>\n<meta property=\"og:locale\" content=\"es_ES\" \/>\n<meta property=\"og:type\" content=\"article\" \/>\n<meta property=\"og:title\" content=\"Sobre nosotros\" \/>\n<meta property=\"og:description\" content=\"Descubra nuestra historia. Profesores nativos apasionados y comprometidos con su \u00e9xito en ingl\u00e9s a trav\u00e9s de experiencias de aprendizaje en l\u00ednea personalizadas y atractivas.\" \/>\n<meta property=\"og:url\" content=\"https:\/\/interesting-english.com\/es\/sobre-nosotros\/\" \/>\n<meta property=\"og:site_name\" content=\"Interesting English\" \/>\n<meta property=\"article:modified_time\" content=\"2025-11-25T12:17:19+00:00\" \/>\n<meta property=\"og:image\" content=\"https:\/\/interesting-english.com\/wp-content\/uploads\/2025\/03\/Profile-1024x1020.webp\" \/>\n<meta name=\"twitter:card\" content=\"summary_large_image\" \/>\n<meta name=\"twitter:label1\" content=\"Tiempo de lectura\" \/>\n\t<meta name=\"twitter:data1\" content=\"2 minutos\" \/>\n<script type=\"application\/ld+json\" class=\"yoast-schema-graph\">{\"@context\":\"https:\/\/schema.org\",\"@graph\":[{\"@type\":\"WebPage\",\"@id\":\"https:\/\/interesting-english.com\/es\/sobre-nosotros\/\",\"url\":\"https:\/\/interesting-english.com\/es\/sobre-nosotros\/\",\"name\":\"Sobre nosotros - Interesting English\",\"isPartOf\":{\"@id\":\"https:\/\/interesting-english.com\/es\/#website\"},\"primaryImageOfPage\":{\"@id\":\"https:\/\/interesting-english.com\/es\/sobre-nosotros\/#primaryimage\"},\"image\":{\"@id\":\"https:\/\/interesting-english.com\/es\/sobre-nosotros\/#primaryimage\"},\"thumbnailUrl\":\"https:\/\/interesting-english.com\/wp-content\/uploads\/2025\/03\/Profile-1024x1020.webp\",\"datePublished\":\"2015-11-18T07:34:00+00:00\",\"dateModified\":\"2025-11-25T12:17:19+00:00\",\"description\":\"Descubra nuestra historia. Profesores nativos apasionados y comprometidos con su \u00e9xito en ingl\u00e9s a trav\u00e9s de experiencias de aprendizaje en l\u00ednea personalizadas y atractivas.\",\"breadcrumb\":{\"@id\":\"https:\/\/interesting-english.com\/es\/sobre-nosotros\/#breadcrumb\"},\"inLanguage\":\"es\",\"potentialAction\":[{\"@type\":\"ReadAction\",\"target\":[\"https:\/\/interesting-english.com\/es\/sobre-nosotros\/\"]}]},{\"@type\":\"ImageObject\",\"inLanguage\":\"es\",\"@id\":\"https:\/\/interesting-english.com\/es\/sobre-nosotros\/#primaryimage\",\"url\":\"https:\/\/interesting-english.com\/wp-content\/uploads\/2025\/03\/Profile-1024x1020.webp\",\"contentUrl\":\"https:\/\/interesting-english.com\/wp-content\/uploads\/2025\/03\/Profile-1024x1020.webp\"},{\"@type\":\"BreadcrumbList\",\"@id\":\"https:\/\/interesting-english.com\/es\/sobre-nosotros\/#breadcrumb\",\"itemListElement\":[{\"@type\":\"ListItem\",\"position\":1,\"name\":\"Home\",\"item\":\"https:\/\/interesting-english.com\/es\/home-fse\/\"},{\"@type\":\"ListItem\",\"position\":2,\"name\":\"Sobre nosotros\"}]},{\"@type\":\"WebSite\",\"@id\":\"https:\/\/interesting-english.com\/es\/#website\",\"url\":\"https:\/\/interesting-english.com\/es\/\",\"name\":\"Interesting English\",\"description\":\"A place to learn interesting things... and English\",\"publisher\":{\"@id\":\"https:\/\/interesting-english.com\/es\/#organization\"},\"potentialAction\":[{\"@type\":\"SearchAction\",\"target\":{\"@type\":\"EntryPoint\",\"urlTemplate\":\"https:\/\/interesting-english.com\/es\/?s={search_term_string}\"},\"query-input\":{\"@type\":\"PropertyValueSpecification\",\"valueRequired\":true,\"valueName\":\"search_term_string\"}}],\"inLanguage\":\"es\"},{\"@type\":\"Organization\",\"@id\":\"https:\/\/interesting-english.com\/es\/#organization\",\"name\":\"Interesting English\",\"url\":\"https:\/\/interesting-english.com\/es\/\",\"logo\":{\"@type\":\"ImageObject\",\"inLanguage\":\"es\",\"@id\":\"https:\/\/interesting-english.com\/es\/#\/schema\/logo\/image\/\",\"url\":\"https:\/\/interesting-english.com\/wp-content\/uploads\/2025\/02\/Faces-Black-ROBOTO-transparent-e1740053826858.png\",\"contentUrl\":\"https:\/\/interesting-english.com\/wp-content\/uploads\/2025\/02\/Faces-Black-ROBOTO-transparent-e1740053826858.png\",\"width\":500,\"height\":133,\"caption\":\"Interesting English\"},\"image\":{\"@id\":\"https:\/\/interesting-english.com\/es\/#\/schema\/logo\/image\/\"}}]}<\/script>\n<!-- \/ Yoast SEO Premium plugin. -->","yoast_head_json":{"title":"Sobre nosotros - Interesting English","description":"Descubra nuestra historia. Profesores nativos apasionados y comprometidos con su \u00e9xito en ingl\u00e9s a trav\u00e9s de experiencias de aprendizaje en l\u00ednea personalizadas y atractivas.","robots":{"index":"index","follow":"follow","max-snippet":"max-snippet:-1","max-image-preview":"max-image-preview:large","max-video-preview":"max-video-preview:-1"},"canonical":"https:\/\/interesting-english.com\/es\/sobre-nosotros\/","og_locale":"es_ES","og_type":"article","og_title":"Sobre nosotros","og_description":"Descubra nuestra historia. Profesores nativos apasionados y comprometidos con su \u00e9xito en ingl\u00e9s a trav\u00e9s de experiencias de aprendizaje en l\u00ednea personalizadas y atractivas.","og_url":"https:\/\/interesting-english.com\/es\/sobre-nosotros\/","og_site_name":"Interesting English","article_modified_time":"2025-11-25T12:17:19+00:00","og_image":[{"url":"https:\/\/interesting-english.com\/wp-content\/uploads\/2025\/03\/Profile-1024x1020.webp","type":"","width":"","height":""}],"twitter_card":"summary_large_image","twitter_misc":{"Tiempo de lectura":"2 minutos"},"schema":{"@context":"https:\/\/schema.org","@graph":[{"@type":"WebPage","@id":"https:\/\/interesting-english.com\/es\/sobre-nosotros\/","url":"https:\/\/interesting-english.com\/es\/sobre-nosotros\/","name":"Sobre nosotros - Interesting English","isPartOf":{"@id":"https:\/\/interesting-english.com\/es\/#website"},"primaryImageOfPage":{"@id":"https:\/\/interesting-english.com\/es\/sobre-nosotros\/#primaryimage"},"image":{"@id":"https:\/\/interesting-english.com\/es\/sobre-nosotros\/#primaryimage"},"thumbnailUrl":"https:\/\/interesting-english.com\/wp-content\/uploads\/2025\/03\/Profile-1024x1020.webp","datePublished":"2015-11-18T07:34:00+00:00","dateModified":"2025-11-25T12:17:19+00:00","description":"Descubra nuestra historia. Profesores nativos apasionados y comprometidos con su \u00e9xito en ingl\u00e9s a trav\u00e9s de experiencias de aprendizaje en l\u00ednea personalizadas y atractivas.","breadcrumb":{"@id":"https:\/\/interesting-english.com\/es\/sobre-nosotros\/#breadcrumb"},"inLanguage":"es","potentialAction":[{"@type":"ReadAction","target":["https:\/\/interesting-english.com\/es\/sobre-nosotros\/"]}]},{"@type":"ImageObject","inLanguage":"es","@id":"https:\/\/interesting-english.com\/es\/sobre-nosotros\/#primaryimage","url":"https:\/\/interesting-english.com\/wp-content\/uploads\/2025\/03\/Profile-1024x1020.webp","contentUrl":"https:\/\/interesting-english.com\/wp-content\/uploads\/2025\/03\/Profile-1024x1020.webp"},{"@type":"BreadcrumbList","@id":"https:\/\/interesting-english.com\/es\/sobre-nosotros\/#breadcrumb","itemListElement":[{"@type":"ListItem","position":1,"name":"Home","item":"https:\/\/interesting-english.com\/es\/home-fse\/"},{"@type":"ListItem","position":2,"name":"Sobre nosotros"}]},{"@type":"WebSite","@id":"https:\/\/interesting-english.com\/es\/#website","url":"https:\/\/interesting-english.com\/es\/","name":"Interesting English","description":"A place to learn interesting things... and English","publisher":{"@id":"https:\/\/interesting-english.com\/es\/#organization"},"potentialAction":[{"@type":"SearchAction","target":{"@type":"EntryPoint","urlTemplate":"https:\/\/interesting-english.com\/es\/?s={search_term_string}"},"query-input":{"@type":"PropertyValueSpecification","valueRequired":true,"valueName":"search_term_string"}}],"inLanguage":"es"},{"@type":"Organization","@id":"https:\/\/interesting-english.com\/es\/#organization","name":"Interesting English","url":"https:\/\/interesting-english.com\/es\/","logo":{"@type":"ImageObject","inLanguage":"es","@id":"https:\/\/interesting-english.com\/es\/#\/schema\/logo\/image\/","url":"https:\/\/interesting-english.com\/wp-content\/uploads\/2025\/02\/Faces-Black-ROBOTO-transparent-e1740053826858.png","contentUrl":"https:\/\/interesting-english.com\/wp-content\/uploads\/2025\/02\/Faces-Black-ROBOTO-transparent-e1740053826858.png","width":500,"height":133,"caption":"Interesting English"},"image":{"@id":"https:\/\/interesting-english.com\/es\/#\/schema\/logo\/image\/"}}]}},"_links":{"self":[{"href":"https:\/\/interesting-english.com\/es\/wp-json\/wp\/v2\/pages\/16200","targetHints":{"allow":["GET"]}}],"collection":[{"href":"https:\/\/interesting-english.com\/es\/wp-json\/wp\/v2\/pages"}],"about":[{"href":"https:\/\/interesting-english.com\/es\/wp-json\/wp\/v2\/types\/page"}],"author":[{"embeddable":true,"href":"https:\/\/interesting-english.com\/es\/wp-json\/wp\/v2\/users\/8"}],"replies":[{"embeddable":true,"href":"https:\/\/interesting-english.com\/es\/wp-json\/wp\/v2\/comments?post=16200"}],"version-history":[{"count":2,"href":"https:\/\/interesting-english.com\/es\/wp-json\/wp\/v2\/pages\/16200\/revisions"}],"predecessor-version":[{"id":16204,"href":"https:\/\/interesting-english.com\/es\/wp-json\/wp\/v2\/pages\/16200\/revisions\/16204"}],"wp:attachment":[{"href":"https:\/\/interesting-english.com\/es\/wp-json\/wp\/v2\/media?parent=16200"}],"curies":[{"name":"wp","href":"https:\/\/api.w.org\/{rel}","templated":true}]}}