{"id":16178,"date":"2025-05-21T12:06:51","date_gmt":"2025-05-21T10:06:51","guid":{"rendered":"https:\/\/interesting-english.com\/cookie-policy\/"},"modified":"2025-11-25T12:33:54","modified_gmt":"2025-11-25T11:33:54","slug":"politica-de-cookies","status":"publish","type":"page","link":"https:\/\/interesting-english.com\/es\/politica-de-cookies\/","title":{"rendered":"Pol\u00edtica de cookies"},"content":{"rendered":"\n<h2 class=\"wp-block-heading\"><strong>\u00bfQu\u00e9 son las cookies?<\/strong><\/h2>\n\n<p>Las cookies y tecnolog\u00edas similares son archivos de texto o fragmentos de c\u00f3digo muy peque\u00f1os que suelen contener un c\u00f3digo de identificaci\u00f3n \u00fanico. Cuando visita un sitio web o utiliza una aplicaci\u00f3n m\u00f3vil, un servidor solicita permiso a su ordenador o dispositivo m\u00f3vil para almacenar este archivo y acceder a la informaci\u00f3n. La informaci\u00f3n recopilada a trav\u00e9s de cookies y tecnolog\u00edas similares puede incluir la fecha y la hora de la visita y la forma en que utiliza un sitio web o una aplicaci\u00f3n m\u00f3vil en particular.  <\/p>\n\n<h2 class=\"wp-block-heading\"><strong>\u00bfPor qu\u00e9 utilizamos cookies?<\/strong><\/h2>\n\n<p>Las cookies garantizan que, durante su visita a nuestra academia en l\u00ednea, permanezca conectado, que todos los art\u00edculos permanezcan guardados en su carrito de compra, que pueda completar los pagos de forma segura y que el sitio web siga funcionando correctamente. Las cookies tambi\u00e9n nos permiten ver c\u00f3mo se utiliza nuestro sitio web y c\u00f3mo podemos mejorarlo. Adem\u00e1s, dependiendo de sus preferencias, nuestras propias cookies pueden utilizarse para mostrarle anuncios dirigidos que coincidan con sus intereses personales.  <\/p>\n\n<h2 class=\"wp-block-heading\" id=\"h-que-tipo-de-cookies-utilizamos\">\u00bfQu\u00e9 tipos de cookies utilizamos?<\/h2>\n\n<p><strong>COOKIES NECESARIAS<\/strong><\/p>\n\n<p>Estas cookies son necesarias para que el sitio web funcione correctamente. Algunas de las siguientes acciones se pueden realizar con estas cookies: \u2013 Guardar art\u00edculos en un carrito de compra para compras en l\u00ednea \u2013 Guardar sus preferencias de cookies para este sitio web \u2013 Guardar las preferencias de idioma \u2013 Iniciar sesi\u00f3n en nuestro portal. Necesitamos comprobar si ha iniciado sesi\u00f3n.  <\/p>\n\n<p><strong>COOKIES DE RENDIMIENTO<\/strong><\/p>\n\n<p>Estas cookies se utilizan para recopilar informaci\u00f3n estad\u00edstica sobre el uso de nuestro sitio web, tambi\u00e9n conocidas como cookies anal\u00edticas. Utilizamos estos datos para mejorar y optimizar el rendimiento del sitio. <\/p>\n\n<p><strong>COOKIES FUNCIONALES<\/strong><\/p>\n\n<p>Estas cookies nos permiten ofrecer m\u00e1s funcionalidades a los visitantes de nuestro sitio web. Pueden ser establecidas por nuestros proveedores de servicios externos o por nuestro propio sitio web. Las siguientes funcionalidades pueden o no activarse al aceptar esta categor\u00eda: \u2013 Servicios de chat en vivo \u2013 Reproducci\u00f3n de v\u00eddeo en l\u00ednea \u2013 Botones para compartir en redes sociales \u2013 Inicio de sesi\u00f3n en nuestro sitio a trav\u00e9s de redes sociales.  <\/p>\n\n<p><strong>COOKIES DE PUBLICIDAD \/ SEGUIMIENTO<\/strong><\/p>\n\n<p>Estas cookies son establecidas por socios publicitarios externos y se utilizan para crear perfiles y rastrear datos en diferentes sitios web. Si acepta estas cookies, podremos mostrarle nuestros anuncios en otros sitios en funci\u00f3n de su perfil de usuario y sus preferencias. Estas cookies tambi\u00e9n almacenan datos sobre cu\u00e1ntos visitantes han visto o hecho clic en nuestros anuncios, lo que nos ayuda a optimizar las campa\u00f1as publicitarias.  <\/p>\n\n<p><strong>SIN CLASIFICAR<\/strong><\/p>\n\n<p>Estas cookies a\u00fan est\u00e1n en proceso de clasificaci\u00f3n. Aparecer\u00e1n en una de las siguientes categor\u00edas: Necesarias, de Rendimiento, Funcionales o de Publicidad. <\/p>\n\n<h2 class=\"wp-block-heading\" id=\"h-como-puedo-desactivar-o-eliminar-las-cookies\">\u00bfC\u00f3mo puedo desactivar o eliminar las cookies?<\/h2>\n\n<p>Puede optar por rechazar todas las cookies, excepto las necesarias. En la configuraci\u00f3n de su navegador, puede ajustar la configuraci\u00f3n para asegurarse de que las cookies est\u00e9n bloqueadas. La mayor\u00eda de los navegadores proporcionan instrucciones sobre c\u00f3mo hacerlo en la llamada \u201cfunci\u00f3n de ayuda\u201d. Sin embargo, si bloquea las cookies, es posible que no pueda disfrutar de todas las caracter\u00edsticas t\u00e9cnicas de nuestro sitio web y que su experiencia de usuario se vea afectada negativamente.   <\/p>\n\n<p><\/p>\n","protected":false},"excerpt":{"rendered":"<p>\u00bfQu\u00e9 son las cookies? Las cookies y tecnolog\u00edas similares son archivos de texto o fragmentos de c\u00f3digo muy peque\u00f1os que [&hellip;]<\/p>\n","protected":false},"author":8,"featured_media":16165,"parent":0,"menu_order":0,"comment_status":"closed","ping_status":"closed","template":"","meta":{"pmpro_default_level":"","_themeisle_gutenberg_block_has_review":false,"footnotes":""},"class_list":["post-16178","page","type-page","status-publish","has-post-thumbnail","hentry","pmpro-has-access"],"yoast_head":"<!-- This site is optimized with the Yoast SEO Premium plugin v20.6 (Yoast SEO v26.4) - https:\/\/yoast.com\/wordpress\/plugins\/seo\/ -->\n<title>Pol\u00edtica de cookies - Interesting English<\/title>\n<meta name=\"description\" content=\"P\u00e1gina de la pol\u00edtica de cookies de Interesting-english.com, academia de ingl\u00e9s de las Islas Canarias, Yusef Edris.\" \/>\n<meta name=\"robots\" content=\"noindex, follow\" \/>\n<meta property=\"og:locale\" content=\"es_ES\" \/>\n<meta property=\"og:type\" content=\"article\" \/>\n<meta property=\"og:title\" content=\"Pol\u00edtica de cookies\" \/>\n<meta property=\"og:description\" content=\"P\u00e1gina de la pol\u00edtica de cookies de Interesting-english.com, academia de ingl\u00e9s de las Islas Canarias, Yusef Edris.\" \/>\n<meta property=\"og:url\" content=\"https:\/\/interesting-english.com\/es\/politica-de-cookies\/\" \/>\n<meta property=\"og:site_name\" content=\"Interesting English\" \/>\n<meta property=\"article:modified_time\" content=\"2025-11-25T11:33:54+00:00\" \/>\n<meta property=\"og:image\" content=\"https:\/\/interesting-english.com\/wp-content\/uploads\/2025\/02\/Faces-Black-text-transparent-e1740053383463.png\" \/>\n\t<meta property=\"og:image:width\" content=\"500\" \/>\n\t<meta property=\"og:image:height\" content=\"134\" \/>\n\t<meta property=\"og:image:type\" content=\"image\/png\" \/>\n<meta name=\"twitter:card\" content=\"summary_large_image\" \/>\n<meta name=\"twitter:label1\" content=\"Tiempo de lectura\" \/>\n\t<meta name=\"twitter:data1\" content=\"3 minutos\" \/>\n<script type=\"application\/ld+json\" class=\"yoast-schema-graph\">{\"@context\":\"https:\/\/schema.org\",\"@graph\":[{\"@type\":\"WebPage\",\"@id\":\"https:\/\/interesting-english.com\/es\/politica-de-cookies\/\",\"url\":\"https:\/\/interesting-english.com\/es\/politica-de-cookies\/\",\"name\":\"Pol\u00edtica de cookies - Interesting English\",\"isPartOf\":{\"@id\":\"https:\/\/interesting-english.com\/es\/#website\"},\"primaryImageOfPage\":{\"@id\":\"https:\/\/interesting-english.com\/es\/politica-de-cookies\/#primaryimage\"},\"image\":{\"@id\":\"https:\/\/interesting-english.com\/es\/politica-de-cookies\/#primaryimage\"},\"thumbnailUrl\":\"https:\/\/interesting-english.com\/wp-content\/uploads\/2025\/02\/Faces-Black-text-transparent-e1740053383463.png\",\"datePublished\":\"2025-05-21T10:06:51+00:00\",\"dateModified\":\"2025-11-25T11:33:54+00:00\",\"description\":\"P\u00e1gina de la pol\u00edtica de cookies de Interesting-english.com, academia de ingl\u00e9s de las Islas Canarias, Yusef Edris.\",\"breadcrumb\":{\"@id\":\"https:\/\/interesting-english.com\/es\/politica-de-cookies\/#breadcrumb\"},\"inLanguage\":\"es\",\"potentialAction\":[{\"@type\":\"ReadAction\",\"target\":[\"https:\/\/interesting-english.com\/es\/politica-de-cookies\/\"]}]},{\"@type\":\"ImageObject\",\"inLanguage\":\"es\",\"@id\":\"https:\/\/interesting-english.com\/es\/politica-de-cookies\/#primaryimage\",\"url\":\"https:\/\/interesting-english.com\/wp-content\/uploads\/2025\/02\/Faces-Black-text-transparent-e1740053383463.png\",\"contentUrl\":\"https:\/\/interesting-english.com\/wp-content\/uploads\/2025\/02\/Faces-Black-text-transparent-e1740053383463.png\",\"width\":500,\"height\":134,\"caption\":\"Faces - Black text - transparent\"},{\"@type\":\"BreadcrumbList\",\"@id\":\"https:\/\/interesting-english.com\/es\/politica-de-cookies\/#breadcrumb\",\"itemListElement\":[{\"@type\":\"ListItem\",\"position\":1,\"name\":\"Home\",\"item\":\"https:\/\/interesting-english.com\/es\/home-fse\/\"},{\"@type\":\"ListItem\",\"position\":2,\"name\":\"Pol\u00edtica de cookies\"}]},{\"@type\":\"WebSite\",\"@id\":\"https:\/\/interesting-english.com\/es\/#website\",\"url\":\"https:\/\/interesting-english.com\/es\/\",\"name\":\"Interesting English\",\"description\":\"A place to learn interesting things... and English\",\"publisher\":{\"@id\":\"https:\/\/interesting-english.com\/es\/#organization\"},\"potentialAction\":[{\"@type\":\"SearchAction\",\"target\":{\"@type\":\"EntryPoint\",\"urlTemplate\":\"https:\/\/interesting-english.com\/es\/?s={search_term_string}\"},\"query-input\":{\"@type\":\"PropertyValueSpecification\",\"valueRequired\":true,\"valueName\":\"search_term_string\"}}],\"inLanguage\":\"es\"},{\"@type\":\"Organization\",\"@id\":\"https:\/\/interesting-english.com\/es\/#organization\",\"name\":\"Interesting English\",\"url\":\"https:\/\/interesting-english.com\/es\/\",\"logo\":{\"@type\":\"ImageObject\",\"inLanguage\":\"es\",\"@id\":\"https:\/\/interesting-english.com\/es\/#\/schema\/logo\/image\/\",\"url\":\"https:\/\/interesting-english.com\/wp-content\/uploads\/2025\/02\/Faces-Black-ROBOTO-transparent-e1740053826858.png\",\"contentUrl\":\"https:\/\/interesting-english.com\/wp-content\/uploads\/2025\/02\/Faces-Black-ROBOTO-transparent-e1740053826858.png\",\"width\":500,\"height\":133,\"caption\":\"Interesting English\"},\"image\":{\"@id\":\"https:\/\/interesting-english.com\/es\/#\/schema\/logo\/image\/\"}}]}<\/script>\n<!-- \/ Yoast SEO Premium plugin. -->","yoast_head_json":{"title":"Pol\u00edtica de cookies - Interesting English","description":"P\u00e1gina de la pol\u00edtica de cookies de Interesting-english.com, academia de ingl\u00e9s de las Islas Canarias, Yusef Edris.","robots":{"index":"noindex","follow":"follow"},"og_locale":"es_ES","og_type":"article","og_title":"Pol\u00edtica de cookies","og_description":"P\u00e1gina de la pol\u00edtica de cookies de Interesting-english.com, academia de ingl\u00e9s de las Islas Canarias, Yusef Edris.","og_url":"https:\/\/interesting-english.com\/es\/politica-de-cookies\/","og_site_name":"Interesting English","article_modified_time":"2025-11-25T11:33:54+00:00","og_image":[{"width":500,"height":134,"url":"https:\/\/interesting-english.com\/wp-content\/uploads\/2025\/02\/Faces-Black-text-transparent-e1740053383463.png","type":"image\/png"}],"twitter_card":"summary_large_image","twitter_misc":{"Tiempo de lectura":"3 minutos"},"schema":{"@context":"https:\/\/schema.org","@graph":[{"@type":"WebPage","@id":"https:\/\/interesting-english.com\/es\/politica-de-cookies\/","url":"https:\/\/interesting-english.com\/es\/politica-de-cookies\/","name":"Pol\u00edtica de cookies - Interesting English","isPartOf":{"@id":"https:\/\/interesting-english.com\/es\/#website"},"primaryImageOfPage":{"@id":"https:\/\/interesting-english.com\/es\/politica-de-cookies\/#primaryimage"},"image":{"@id":"https:\/\/interesting-english.com\/es\/politica-de-cookies\/#primaryimage"},"thumbnailUrl":"https:\/\/interesting-english.com\/wp-content\/uploads\/2025\/02\/Faces-Black-text-transparent-e1740053383463.png","datePublished":"2025-05-21T10:06:51+00:00","dateModified":"2025-11-25T11:33:54+00:00","description":"P\u00e1gina de la pol\u00edtica de cookies de Interesting-english.com, academia de ingl\u00e9s de las Islas Canarias, Yusef Edris.","breadcrumb":{"@id":"https:\/\/interesting-english.com\/es\/politica-de-cookies\/#breadcrumb"},"inLanguage":"es","potentialAction":[{"@type":"ReadAction","target":["https:\/\/interesting-english.com\/es\/politica-de-cookies\/"]}]},{"@type":"ImageObject","inLanguage":"es","@id":"https:\/\/interesting-english.com\/es\/politica-de-cookies\/#primaryimage","url":"https:\/\/interesting-english.com\/wp-content\/uploads\/2025\/02\/Faces-Black-text-transparent-e1740053383463.png","contentUrl":"https:\/\/interesting-english.com\/wp-content\/uploads\/2025\/02\/Faces-Black-text-transparent-e1740053383463.png","width":500,"height":134,"caption":"Faces - Black text - transparent"},{"@type":"BreadcrumbList","@id":"https:\/\/interesting-english.com\/es\/politica-de-cookies\/#breadcrumb","itemListElement":[{"@type":"ListItem","position":1,"name":"Home","item":"https:\/\/interesting-english.com\/es\/home-fse\/"},{"@type":"ListItem","position":2,"name":"Pol\u00edtica de cookies"}]},{"@type":"WebSite","@id":"https:\/\/interesting-english.com\/es\/#website","url":"https:\/\/interesting-english.com\/es\/","name":"Interesting English","description":"A place to learn interesting things... and English","publisher":{"@id":"https:\/\/interesting-english.com\/es\/#organization"},"potentialAction":[{"@type":"SearchAction","target":{"@type":"EntryPoint","urlTemplate":"https:\/\/interesting-english.com\/es\/?s={search_term_string}"},"query-input":{"@type":"PropertyValueSpecification","valueRequired":true,"valueName":"search_term_string"}}],"inLanguage":"es"},{"@type":"Organization","@id":"https:\/\/interesting-english.com\/es\/#organization","name":"Interesting English","url":"https:\/\/interesting-english.com\/es\/","logo":{"@type":"ImageObject","inLanguage":"es","@id":"https:\/\/interesting-english.com\/es\/#\/schema\/logo\/image\/","url":"https:\/\/interesting-english.com\/wp-content\/uploads\/2025\/02\/Faces-Black-ROBOTO-transparent-e1740053826858.png","contentUrl":"https:\/\/interesting-english.com\/wp-content\/uploads\/2025\/02\/Faces-Black-ROBOTO-transparent-e1740053826858.png","width":500,"height":133,"caption":"Interesting English"},"image":{"@id":"https:\/\/interesting-english.com\/es\/#\/schema\/logo\/image\/"}}]}},"_links":{"self":[{"href":"https:\/\/interesting-english.com\/es\/wp-json\/wp\/v2\/pages\/16178","targetHints":{"allow":["GET"]}}],"collection":[{"href":"https:\/\/interesting-english.com\/es\/wp-json\/wp\/v2\/pages"}],"about":[{"href":"https:\/\/interesting-english.com\/es\/wp-json\/wp\/v2\/types\/page"}],"author":[{"embeddable":true,"href":"https:\/\/interesting-english.com\/es\/wp-json\/wp\/v2\/users\/8"}],"replies":[{"embeddable":true,"href":"https:\/\/interesting-english.com\/es\/wp-json\/wp\/v2\/comments?post=16178"}],"version-history":[{"count":3,"href":"https:\/\/interesting-english.com\/es\/wp-json\/wp\/v2\/pages\/16178\/revisions"}],"predecessor-version":[{"id":16182,"href":"https:\/\/interesting-english.com\/es\/wp-json\/wp\/v2\/pages\/16178\/revisions\/16182"}],"wp:featuredmedia":[{"embeddable":true,"href":"https:\/\/interesting-english.com\/es\/wp-json\/wp\/v2\/media\/16165"}],"wp:attachment":[{"href":"https:\/\/interesting-english.com\/es\/wp-json\/wp\/v2\/media?parent=16178"}],"curies":[{"name":"wp","href":"https:\/\/api.w.org\/{rel}","templated":true}]}}