{"id":16171,"date":"2025-05-21T12:01:53","date_gmt":"2025-05-21T10:01:53","guid":{"rendered":"https:\/\/interesting-english.com\/accessibility\/"},"modified":"2025-11-25T11:41:39","modified_gmt":"2025-11-25T10:41:39","slug":"accesibilidad","status":"publish","type":"page","link":"https:\/\/interesting-english.com\/es\/accesibilidad\/","title":{"rendered":"Accesibilidad"},"content":{"rendered":"\n<h2 class=\"wp-block-heading\">Declaraci\u00f3n de accesibilidad<\/h2>\n\n<p><strong>INTERESTING-ENGLISH<\/strong> se compromete a hacer este sitio web accesible de acuerdo con el<a href=\"https:\/\/www.boe.es\/diario_boe\/txt.php?id=BOE-A-2018-12699\"><strong>Real Decreto 1112\/2018<\/strong><\/a>, de 7 de septiembre, sobre accesibilidad de los sitios web y aplicaciones para dispositivos m\u00f3viles del sector p\u00fablico.<\/p>\n\n<h3 class=\"wp-block-heading\" id=\"h-situacion-de-cumplimiento\">Estado de cumplimiento<\/h3>\n\n<p>Este sitio web es <strong>parcialmente conforme<\/strong> con <strong><a href=\"https:\/\/www.boe.es\/diario_boe\/txt.php?id=BOE-A-2018-12699\">el RD 1112\/2018<\/a><\/strong> debido a las excepciones y problemas de incumplimiento que se enumeran a continuaci\u00f3n.<\/p>\n\n<h3 class=\"wp-block-heading\" id=\"h-contenido-no-accesible\">Contenido no accesible<\/h3>\n\n<p>El contenido que se enumera a continuaci\u00f3n no es accesible por las siguientes razones:<\/p>\n\n<ul class=\"wp-block-list\">\n<li><strong>Incumplimiento del RD 1112\/2018<\/strong>\n\t\t\n\t\n<ul class=\"wp-block-list\">\n<li>Debido a la automatizaci\u00f3n de algunas publicaciones, algunas p\u00e1ginas pueden contener etiquetas HTML anidadas incorrectamente.<\/li>\n\n\n\n<li>El portal incluye contenido en ingl\u00e9s destinado al aprendizaje y la pr\u00e1ctica del idioma. Por esta raz\u00f3n, dicho contenido no se traduce y el marcado de cambio de idioma no siempre es exacto, ya que el objetivo es la inmersi\u00f3n ling\u00fc\u00edstica. <\/li>\n<\/ul>\n<\/li>\n\n\n\n<li><strong>Carga desproporcionada<\/strong>\n\t\t\n\t\n<ul class=\"wp-block-list\">\n<li>No aplicable.<\/li>\n<\/ul>\n<\/li>\n<\/ul>\n\n<h3 class=\"wp-block-heading\" id=\"h-preparacion-de-la-presente-declaracion-de-accesibilidad\">Preparaci\u00f3n de esta declaraci\u00f3n de accesibilidad<\/h3>\n\n<p>Esta declaraci\u00f3n de accesibilidad se prepar\u00f3 el 21 de mayo de 2025.<\/p>\n\n<p>El m\u00e9todo utilizado para preparar esta declaraci\u00f3n fue una autoevaluaci\u00f3n llevada a cabo por <strong><a href=\"https:\/\/commatica.es\/\">Commatica Soluciones Inform\u00e1ticas<\/a>.<\/strong><\/p>\n\n<p>\u00daltima revisi\u00f3n de la declaraci\u00f3n: 21 de mayo de 2025<\/p>\n\n<h3 class=\"wp-block-heading\" id=\"h-observaciones-y-datos-de-contacto\">Comentarios e informaci\u00f3n de contacto<\/h3>\n\n<p>Las comunicaciones relativas a los requisitos de accesibilidad (art\u00edculo 10.2.a del RD 1112\/2018) pueden incluir:<\/p>\n\n<ul class=\"wp-block-list\">\n<li>Notificaci\u00f3n de cualquier posible incumplimiento por parte de este sitio web<\/li>\n\n\n\n<li>Compartir otras <strong>dificultades de acceso<\/strong> con respecto al contenido<\/li>\n\n\n\n<li>Presentar cualquier otra <strong>sugerencia o solicitud de mejora<\/strong> con respecto a la accesibilidad del sitio web<\/li>\n<\/ul>\n\n<p>A trav\u00e9s de la siguiente direcci\u00f3n de correo electr\u00f3nico: hello@interesting-english.com<\/p>\n\n<p>Las comunicaciones ser\u00e1n recibidas y gestionadas por <strong>INTERESTING-ENGLISH<\/strong> para una pronta resoluci\u00f3n.<\/p>\n\n<p><strong>Las solicitudes de informaci\u00f3n accesible y las reclamaciones<\/strong> ser\u00e1n evaluadas y respondidas por escrito.<\/p>\n\n<h3 class=\"wp-block-heading\" id=\"h-contenido-opcional\"><strong>Contenido opcional<\/strong><\/h3>\n\n<p>Este sitio web:<\/p>\n\n<ul class=\"wp-block-list\">\n<li>Se ha dise\u00f1ado de acuerdo con las normas y reglamentos de accesibilidad vigentes, cumpliendo con los puntos de control de prioridad 2 (AA) definidos en las Pautas de Accesibilidad al Contenido Web (WCAG 2.1).<\/li>\n\n\n\n<li>Cumple con los requisitos de la Norma UNE-EN 301549:2019, teniendo en cuenta las excepciones del Real Decreto 1112\/2018.<\/li>\n\n\n\n<li>Est\u00e1 dise\u00f1ado para una correcta visualizaci\u00f3n en ordenadores de escritorio, tabletas y dispositivos m\u00f3viles con una resoluci\u00f3n m\u00ednima de 1280\u00d71024.<\/li>\n\n\n\n<li>Se ha desarrollado utilizando HTML5 como lenguaje de marcado y CSS3 para el estilo.<\/li>\n\n\n\n<li>Est\u00e1 dise\u00f1ado para su uso con JavaScript no intrusivo, ofreciendo una versi\u00f3n alternativa cuando JavaScript no es compatible con el navegador del usuario.<\/li>\n<\/ul>\n\n<h3 class=\"wp-block-heading\" id=\"h-tamano-del-texto\">Tama\u00f1o del texto<\/h3>\n\n<p>Se han utilizado tama\u00f1os de fuente relativos para que, si el usuario prefiere un tama\u00f1o de fuente mayor, pueda ajustarlo a trav\u00e9s de las opciones de tama\u00f1o de texto de su navegador, generalmente Ctrl+ (control m\u00e1s) para aumentar y Ctrl- (control menos) para disminuir.<\/p>\n\n<h3 class=\"wp-block-heading\" id=\"h-estructura-de-las-paginas\">Estructura de la p\u00e1gina<\/h3>\n\n<p>Este portal est\u00e1 dise\u00f1ado con un dise\u00f1o com\u00fan para todas las p\u00e1ginas para facilitar la familiarizaci\u00f3n con el contenido y mejorar la navegaci\u00f3n para los usuarios que requieren tecnolog\u00edas de asistencia.<\/p>\n\n<p>En general, las p\u00e1ginas constan de las siguientes \u00e1reas:<\/p>\n\n<ul class=\"wp-block-list\">\n<li><strong><em>Pie de p\u00e1gina<\/em><\/strong>, que incluye enlaces a p\u00e1ginas de informaci\u00f3n legal<\/li>\n<\/ul>\n\n<ul class=\"wp-block-list\">\n<li><strong><em>Encabezado<\/em><\/strong>, con acceso a la p\u00e1gina de inicio, formulario de contacto, versiones en lengua cooficial e ingl\u00e9s, y b\u00fasqueda avanzada<\/li>\n<\/ul>\n\n<ul class=\"wp-block-list\">\n<li><strong><em>Men\u00fa de navegaci\u00f3n principal<\/em><\/strong>, con las principales opciones del sitio web<\/li>\n<\/ul>\n\n<ul class=\"wp-block-list\">\n<li><strong><em>\u00c1rea de contenido principal<\/em><\/strong>, que var\u00eda dependiendo de si la p\u00e1gina es la p\u00e1gina de inicio principal, una subp\u00e1gina de inicio, un resumen, un documento o una b\u00fasqueda avanzada.<\/li>\n<\/ul>\n\n<h3 class=\"wp-block-heading\" id=\"h-teclas-de-acceso-rapido\">Teclas de acceso r\u00e1pido<\/h3>\n\n<p>Este portal proporciona las siguientes teclas de acceso r\u00e1pido para facilitar la navegaci\u00f3n por las secciones m\u00e1s importantes del sitio:<\/p>\n\n<figure class=\"wp-block-table\"><table class=\"has-fixed-layout\"><thead><tr><th>Tecla<\/th><th>Funci\u00f3n<\/th><\/tr><\/thead><tbody><tr><th>0<\/th><td>Ir a la p\u00e1gina de inicio<\/td><\/tr><tr><th>1<\/th><td>Ir al contenido principal<\/td><\/tr><tr><th>2<\/th><td>Ir a la navegaci\u00f3n de primer nivel<\/td><\/tr><tr><th>3<\/th><td>Ir a este documento<\/td><\/tr><tr><th>6<\/th><td>Ir a contacto<\/td><\/tr><tr><th>7<\/th><td>Ir a la b\u00fasqueda del encabezado<\/td><\/tr><tr><th>B<\/th><td>Ir a la b\u00fasqueda avanzada<\/td><\/tr><tr><th>N<\/th><td>Ir al enlace <em>Enviar enlace<\/em><\/td><\/tr><tr><th>I<\/th><td>Ir al enlace <em>Imprimir<\/em><\/td><\/tr><tr><th>R<\/th><td>En las p\u00e1ginas internas, ir al grupo de botones para compartir en redes sociales<\/td><\/tr><tr><th>S<\/th><td>Ir al aviso legal<\/td><\/tr><\/tbody><\/table><\/figure>\n\n<p><\/p>\n","protected":false},"excerpt":{"rendered":"<p>Declaraci\u00f3n de accesibilidad INTERESTING-ENGLISH se compromete a hacer este sitio web accesible de acuerdo con elReal Decreto 1112\/2018, de 7 [&hellip;]<\/p>\n","protected":false},"author":8,"featured_media":15980,"parent":0,"menu_order":0,"comment_status":"closed","ping_status":"closed","template":"","meta":{"pmpro_default_level":"","_themeisle_gutenberg_block_has_review":false,"footnotes":""},"class_list":["post-16171","page","type-page","status-publish","has-post-thumbnail","hentry","pmpro-has-access"],"yoast_head":"<!-- This site is optimized with the Yoast SEO Premium plugin v20.6 (Yoast SEO v26.4) - https:\/\/yoast.com\/wordpress\/plugins\/seo\/ -->\n<title>Accesibilidad - Interesting English<\/title>\n<meta name=\"description\" content=\"P\u00e1gina de accesibilidad de Interesting-english.com, una academia de ingl\u00e9s en l\u00ednea con sede en las Islas Canarias. Yusef Edris.\" \/>\n<meta name=\"robots\" content=\"noindex, follow\" \/>\n<meta property=\"og:locale\" content=\"es_ES\" \/>\n<meta property=\"og:type\" content=\"article\" \/>\n<meta property=\"og:title\" content=\"Accesibilidad\" \/>\n<meta property=\"og:description\" content=\"P\u00e1gina de accesibilidad de Interesting-english.com, una academia de ingl\u00e9s en l\u00ednea con sede en las Islas Canarias. Yusef Edris.\" \/>\n<meta property=\"og:url\" content=\"https:\/\/interesting-english.com\/es\/accesibilidad\/\" \/>\n<meta property=\"og:site_name\" content=\"Interesting English\" \/>\n<meta property=\"article:modified_time\" content=\"2025-11-25T10:41:39+00:00\" \/>\n<meta property=\"og:image\" content=\"https:\/\/interesting-english.com\/wp-content\/uploads\/2025\/02\/Faces-Black-ROBOTO-transparent-e1740053826858.png\" \/>\n\t<meta property=\"og:image:width\" content=\"500\" \/>\n\t<meta property=\"og:image:height\" content=\"133\" \/>\n\t<meta property=\"og:image:type\" content=\"image\/png\" \/>\n<meta name=\"twitter:card\" content=\"summary_large_image\" \/>\n<meta name=\"twitter:label1\" content=\"Tiempo de lectura\" \/>\n\t<meta name=\"twitter:data1\" content=\"4 minutos\" \/>\n<script type=\"application\/ld+json\" class=\"yoast-schema-graph\">{\"@context\":\"https:\/\/schema.org\",\"@graph\":[{\"@type\":\"WebPage\",\"@id\":\"https:\/\/interesting-english.com\/es\/accesibilidad\/\",\"url\":\"https:\/\/interesting-english.com\/es\/accesibilidad\/\",\"name\":\"Accesibilidad - Interesting English\",\"isPartOf\":{\"@id\":\"https:\/\/interesting-english.com\/es\/#website\"},\"primaryImageOfPage\":{\"@id\":\"https:\/\/interesting-english.com\/es\/accesibilidad\/#primaryimage\"},\"image\":{\"@id\":\"https:\/\/interesting-english.com\/es\/accesibilidad\/#primaryimage\"},\"thumbnailUrl\":\"https:\/\/interesting-english.com\/wp-content\/uploads\/2025\/02\/Faces-Black-ROBOTO-transparent-e1740053826858.png\",\"datePublished\":\"2025-05-21T10:01:53+00:00\",\"dateModified\":\"2025-11-25T10:41:39+00:00\",\"description\":\"P\u00e1gina de accesibilidad de Interesting-english.com, una academia de ingl\u00e9s en l\u00ednea con sede en las Islas Canarias. Yusef Edris.\",\"breadcrumb\":{\"@id\":\"https:\/\/interesting-english.com\/es\/accesibilidad\/#breadcrumb\"},\"inLanguage\":\"es\",\"potentialAction\":[{\"@type\":\"ReadAction\",\"target\":[\"https:\/\/interesting-english.com\/es\/accesibilidad\/\"]}]},{\"@type\":\"ImageObject\",\"inLanguage\":\"es\",\"@id\":\"https:\/\/interesting-english.com\/es\/accesibilidad\/#primaryimage\",\"url\":\"https:\/\/interesting-english.com\/wp-content\/uploads\/2025\/02\/Faces-Black-ROBOTO-transparent-e1740053826858.png\",\"contentUrl\":\"https:\/\/interesting-english.com\/wp-content\/uploads\/2025\/02\/Faces-Black-ROBOTO-transparent-e1740053826858.png\",\"width\":500,\"height\":133,\"caption\":\"Faces - black ROBOTO - transparent\"},{\"@type\":\"BreadcrumbList\",\"@id\":\"https:\/\/interesting-english.com\/es\/accesibilidad\/#breadcrumb\",\"itemListElement\":[{\"@type\":\"ListItem\",\"position\":1,\"name\":\"Home\",\"item\":\"https:\/\/interesting-english.com\/es\/home-fse\/\"},{\"@type\":\"ListItem\",\"position\":2,\"name\":\"Accesibilidad\"}]},{\"@type\":\"WebSite\",\"@id\":\"https:\/\/interesting-english.com\/es\/#website\",\"url\":\"https:\/\/interesting-english.com\/es\/\",\"name\":\"Interesting English\",\"description\":\"A place to learn interesting things... and English\",\"publisher\":{\"@id\":\"https:\/\/interesting-english.com\/es\/#organization\"},\"potentialAction\":[{\"@type\":\"SearchAction\",\"target\":{\"@type\":\"EntryPoint\",\"urlTemplate\":\"https:\/\/interesting-english.com\/es\/?s={search_term_string}\"},\"query-input\":{\"@type\":\"PropertyValueSpecification\",\"valueRequired\":true,\"valueName\":\"search_term_string\"}}],\"inLanguage\":\"es\"},{\"@type\":\"Organization\",\"@id\":\"https:\/\/interesting-english.com\/es\/#organization\",\"name\":\"Interesting English\",\"url\":\"https:\/\/interesting-english.com\/es\/\",\"logo\":{\"@type\":\"ImageObject\",\"inLanguage\":\"es\",\"@id\":\"https:\/\/interesting-english.com\/es\/#\/schema\/logo\/image\/\",\"url\":\"https:\/\/interesting-english.com\/wp-content\/uploads\/2025\/02\/Faces-Black-ROBOTO-transparent-e1740053826858.png\",\"contentUrl\":\"https:\/\/interesting-english.com\/wp-content\/uploads\/2025\/02\/Faces-Black-ROBOTO-transparent-e1740053826858.png\",\"width\":500,\"height\":133,\"caption\":\"Interesting English\"},\"image\":{\"@id\":\"https:\/\/interesting-english.com\/es\/#\/schema\/logo\/image\/\"}}]}<\/script>\n<!-- \/ Yoast SEO Premium plugin. -->","yoast_head_json":{"title":"Accesibilidad - Interesting English","description":"P\u00e1gina de accesibilidad de Interesting-english.com, una academia de ingl\u00e9s en l\u00ednea con sede en las Islas Canarias. Yusef Edris.","robots":{"index":"noindex","follow":"follow"},"og_locale":"es_ES","og_type":"article","og_title":"Accesibilidad","og_description":"P\u00e1gina de accesibilidad de Interesting-english.com, una academia de ingl\u00e9s en l\u00ednea con sede en las Islas Canarias. Yusef Edris.","og_url":"https:\/\/interesting-english.com\/es\/accesibilidad\/","og_site_name":"Interesting English","article_modified_time":"2025-11-25T10:41:39+00:00","og_image":[{"width":500,"height":133,"url":"https:\/\/interesting-english.com\/wp-content\/uploads\/2025\/02\/Faces-Black-ROBOTO-transparent-e1740053826858.png","type":"image\/png"}],"twitter_card":"summary_large_image","twitter_misc":{"Tiempo de lectura":"4 minutos"},"schema":{"@context":"https:\/\/schema.org","@graph":[{"@type":"WebPage","@id":"https:\/\/interesting-english.com\/es\/accesibilidad\/","url":"https:\/\/interesting-english.com\/es\/accesibilidad\/","name":"Accesibilidad - Interesting English","isPartOf":{"@id":"https:\/\/interesting-english.com\/es\/#website"},"primaryImageOfPage":{"@id":"https:\/\/interesting-english.com\/es\/accesibilidad\/#primaryimage"},"image":{"@id":"https:\/\/interesting-english.com\/es\/accesibilidad\/#primaryimage"},"thumbnailUrl":"https:\/\/interesting-english.com\/wp-content\/uploads\/2025\/02\/Faces-Black-ROBOTO-transparent-e1740053826858.png","datePublished":"2025-05-21T10:01:53+00:00","dateModified":"2025-11-25T10:41:39+00:00","description":"P\u00e1gina de accesibilidad de Interesting-english.com, una academia de ingl\u00e9s en l\u00ednea con sede en las Islas Canarias. Yusef Edris.","breadcrumb":{"@id":"https:\/\/interesting-english.com\/es\/accesibilidad\/#breadcrumb"},"inLanguage":"es","potentialAction":[{"@type":"ReadAction","target":["https:\/\/interesting-english.com\/es\/accesibilidad\/"]}]},{"@type":"ImageObject","inLanguage":"es","@id":"https:\/\/interesting-english.com\/es\/accesibilidad\/#primaryimage","url":"https:\/\/interesting-english.com\/wp-content\/uploads\/2025\/02\/Faces-Black-ROBOTO-transparent-e1740053826858.png","contentUrl":"https:\/\/interesting-english.com\/wp-content\/uploads\/2025\/02\/Faces-Black-ROBOTO-transparent-e1740053826858.png","width":500,"height":133,"caption":"Faces - black ROBOTO - transparent"},{"@type":"BreadcrumbList","@id":"https:\/\/interesting-english.com\/es\/accesibilidad\/#breadcrumb","itemListElement":[{"@type":"ListItem","position":1,"name":"Home","item":"https:\/\/interesting-english.com\/es\/home-fse\/"},{"@type":"ListItem","position":2,"name":"Accesibilidad"}]},{"@type":"WebSite","@id":"https:\/\/interesting-english.com\/es\/#website","url":"https:\/\/interesting-english.com\/es\/","name":"Interesting English","description":"A place to learn interesting things... and English","publisher":{"@id":"https:\/\/interesting-english.com\/es\/#organization"},"potentialAction":[{"@type":"SearchAction","target":{"@type":"EntryPoint","urlTemplate":"https:\/\/interesting-english.com\/es\/?s={search_term_string}"},"query-input":{"@type":"PropertyValueSpecification","valueRequired":true,"valueName":"search_term_string"}}],"inLanguage":"es"},{"@type":"Organization","@id":"https:\/\/interesting-english.com\/es\/#organization","name":"Interesting English","url":"https:\/\/interesting-english.com\/es\/","logo":{"@type":"ImageObject","inLanguage":"es","@id":"https:\/\/interesting-english.com\/es\/#\/schema\/logo\/image\/","url":"https:\/\/interesting-english.com\/wp-content\/uploads\/2025\/02\/Faces-Black-ROBOTO-transparent-e1740053826858.png","contentUrl":"https:\/\/interesting-english.com\/wp-content\/uploads\/2025\/02\/Faces-Black-ROBOTO-transparent-e1740053826858.png","width":500,"height":133,"caption":"Interesting English"},"image":{"@id":"https:\/\/interesting-english.com\/es\/#\/schema\/logo\/image\/"}}]}},"_links":{"self":[{"href":"https:\/\/interesting-english.com\/es\/wp-json\/wp\/v2\/pages\/16171","targetHints":{"allow":["GET"]}}],"collection":[{"href":"https:\/\/interesting-english.com\/es\/wp-json\/wp\/v2\/pages"}],"about":[{"href":"https:\/\/interesting-english.com\/es\/wp-json\/wp\/v2\/types\/page"}],"author":[{"embeddable":true,"href":"https:\/\/interesting-english.com\/es\/wp-json\/wp\/v2\/users\/8"}],"replies":[{"embeddable":true,"href":"https:\/\/interesting-english.com\/es\/wp-json\/wp\/v2\/comments?post=16171"}],"version-history":[{"count":4,"href":"https:\/\/interesting-english.com\/es\/wp-json\/wp\/v2\/pages\/16171\/revisions"}],"predecessor-version":[{"id":16175,"href":"https:\/\/interesting-english.com\/es\/wp-json\/wp\/v2\/pages\/16171\/revisions\/16175"}],"wp:featuredmedia":[{"embeddable":true,"href":"https:\/\/interesting-english.com\/es\/wp-json\/wp\/v2\/media\/15980"}],"wp:attachment":[{"href":"https:\/\/interesting-english.com\/es\/wp-json\/wp\/v2\/media?parent=16171"}],"curies":[{"name":"wp","href":"https:\/\/api.w.org\/{rel}","templated":true}]}}