{"id":16164,"date":"2025-02-04T10:21:46","date_gmt":"2025-02-04T09:21:46","guid":{"rendered":"https:\/\/interesting-english.com\/privacy-policy\/"},"modified":"2025-11-25T11:17:26","modified_gmt":"2025-11-25T10:17:26","slug":"politica-de-privacidad","status":"publish","type":"page","link":"https:\/\/interesting-english.com\/es\/politica-de-privacidad\/","title":{"rendered":"Pol\u00edtica de privacidad"},"content":{"rendered":"\n<p>No se recaban datos personales de los usuarios a trav\u00e9s de este sitio web sin su conocimiento, ni se ceden a terceros.<\/p>\n\n<p>Con el fin de ofrecerle el mejor servicio y facilitar su uso, se analizan el n\u00famero de p\u00e1ginas visitadas, el n\u00famero de visitas, as\u00ed como la actividad de los visitantes y su frecuencia de utilizaci\u00f3n. A estos efectos, INTERESTING-ENGLISH utiliza informaci\u00f3n estad\u00edstica elaborada por el proveedor de servicios de Internet. <\/p>\n\n<p>INTERESTING-ENGLISH no utiliza cookies para recoger informaci\u00f3n de los usuarios, ni registra direcciones IP de acceso. En aquellos casos en los que se utilicen cookies, el usuario ser\u00e1 advertido en su primer acceso a la p\u00e1gina, inform\u00e1ndole de su uso y de la pol\u00edtica aplicable. <\/p>\n\n<p>El portal titularidad de INTERESTING-ENGLISH contiene enlaces a sitios web de terceros, cuyas pol\u00edticas de privacidad son ajenas a la de INTERESTING-ENGLISH. Al acceder a tales sitios web usted podr\u00e1 decidir si acepta sus pol\u00edticas de privacidad y de cookies. Con car\u00e1cter general, si navega por Internet puede aceptar o rechazar las cookies de terceros desde las opciones de configuraci\u00f3n de su navegador.  <\/p>\n","protected":false},"excerpt":{"rendered":"<p>No se recaban datos personales de los usuarios a trav\u00e9s de este sitio web sin su conocimiento, ni se ceden [&hellip;]<\/p>\n","protected":false},"author":8,"featured_media":16165,"parent":0,"menu_order":0,"comment_status":"closed","ping_status":"closed","template":"","meta":{"pmpro_default_level":"","_themeisle_gutenberg_block_has_review":false,"footnotes":""},"class_list":["post-16164","page","type-page","status-publish","has-post-thumbnail","hentry","pmpro-has-access"],"yoast_head":"<!-- This site is optimized with the Yoast SEO Premium plugin v20.6 (Yoast SEO v26.4) - https:\/\/yoast.com\/wordpress\/plugins\/seo\/ -->\n<title>Pol\u00edtica de privacidad - Interesting English<\/title>\n<meta name=\"description\" content=\"P\u00e1gina de pol\u00edtica de Privacidad de Interesting-english.com academ\u00eda de Ingl\u00e9s desde las Islas Canarias, Yusef Edris.\" \/>\n<meta name=\"robots\" content=\"noindex, follow\" \/>\n<meta property=\"og:locale\" content=\"es_ES\" \/>\n<meta property=\"og:type\" content=\"article\" \/>\n<meta property=\"og:title\" content=\"Pol\u00edtica de privacidad\" \/>\n<meta property=\"og:description\" content=\"P\u00e1gina de pol\u00edtica de Privacidad de Interesting-english.com academ\u00eda de Ingl\u00e9s desde las Islas Canarias, Yusef Edris.\" \/>\n<meta property=\"og:url\" content=\"https:\/\/interesting-english.com\/es\/politica-de-privacidad\/\" \/>\n<meta property=\"og:site_name\" content=\"Interesting English\" \/>\n<meta property=\"article:modified_time\" content=\"2025-11-25T10:17:26+00:00\" \/>\n<meta property=\"og:image\" content=\"https:\/\/interesting-english.com\/wp-content\/uploads\/2025\/02\/Faces-Black-text-transparent-e1740053383463.png\" \/>\n\t<meta property=\"og:image:width\" content=\"500\" \/>\n\t<meta property=\"og:image:height\" content=\"134\" \/>\n\t<meta property=\"og:image:type\" content=\"image\/png\" \/>\n<meta name=\"twitter:card\" content=\"summary_large_image\" \/>\n<meta name=\"twitter:label1\" content=\"Tiempo de lectura\" \/>\n\t<meta name=\"twitter:data1\" content=\"1 minuto\" \/>\n<script type=\"application\/ld+json\" class=\"yoast-schema-graph\">{\"@context\":\"https:\/\/schema.org\",\"@graph\":[{\"@type\":\"WebPage\",\"@id\":\"https:\/\/interesting-english.com\/es\/politica-de-privacidad\/\",\"url\":\"https:\/\/interesting-english.com\/es\/politica-de-privacidad\/\",\"name\":\"Pol\u00edtica de privacidad - Interesting English\",\"isPartOf\":{\"@id\":\"https:\/\/interesting-english.com\/es\/#website\"},\"primaryImageOfPage\":{\"@id\":\"https:\/\/interesting-english.com\/es\/politica-de-privacidad\/#primaryimage\"},\"image\":{\"@id\":\"https:\/\/interesting-english.com\/es\/politica-de-privacidad\/#primaryimage\"},\"thumbnailUrl\":\"https:\/\/interesting-english.com\/wp-content\/uploads\/2025\/02\/Faces-Black-text-transparent-e1740053383463.png\",\"datePublished\":\"2025-02-04T09:21:46+00:00\",\"dateModified\":\"2025-11-25T10:17:26+00:00\",\"description\":\"P\u00e1gina de pol\u00edtica de Privacidad de Interesting-english.com academ\u00eda de Ingl\u00e9s desde las Islas Canarias, Yusef Edris.\",\"breadcrumb\":{\"@id\":\"https:\/\/interesting-english.com\/es\/politica-de-privacidad\/#breadcrumb\"},\"inLanguage\":\"es\",\"potentialAction\":[{\"@type\":\"ReadAction\",\"target\":[\"https:\/\/interesting-english.com\/es\/politica-de-privacidad\/\"]}]},{\"@type\":\"ImageObject\",\"inLanguage\":\"es\",\"@id\":\"https:\/\/interesting-english.com\/es\/politica-de-privacidad\/#primaryimage\",\"url\":\"https:\/\/interesting-english.com\/wp-content\/uploads\/2025\/02\/Faces-Black-text-transparent-e1740053383463.png\",\"contentUrl\":\"https:\/\/interesting-english.com\/wp-content\/uploads\/2025\/02\/Faces-Black-text-transparent-e1740053383463.png\",\"width\":500,\"height\":134,\"caption\":\"Faces - Black text - transparent\"},{\"@type\":\"BreadcrumbList\",\"@id\":\"https:\/\/interesting-english.com\/es\/politica-de-privacidad\/#breadcrumb\",\"itemListElement\":[{\"@type\":\"ListItem\",\"position\":1,\"name\":\"Home\",\"item\":\"https:\/\/interesting-english.com\/es\/home-fse\/\"},{\"@type\":\"ListItem\",\"position\":2,\"name\":\"Pol\u00edtica de privacidad\"}]},{\"@type\":\"WebSite\",\"@id\":\"https:\/\/interesting-english.com\/es\/#website\",\"url\":\"https:\/\/interesting-english.com\/es\/\",\"name\":\"Interesting English\",\"description\":\"A place to learn interesting things... and English\",\"publisher\":{\"@id\":\"https:\/\/interesting-english.com\/es\/#organization\"},\"potentialAction\":[{\"@type\":\"SearchAction\",\"target\":{\"@type\":\"EntryPoint\",\"urlTemplate\":\"https:\/\/interesting-english.com\/es\/?s={search_term_string}\"},\"query-input\":{\"@type\":\"PropertyValueSpecification\",\"valueRequired\":true,\"valueName\":\"search_term_string\"}}],\"inLanguage\":\"es\"},{\"@type\":\"Organization\",\"@id\":\"https:\/\/interesting-english.com\/es\/#organization\",\"name\":\"Interesting English\",\"url\":\"https:\/\/interesting-english.com\/es\/\",\"logo\":{\"@type\":\"ImageObject\",\"inLanguage\":\"es\",\"@id\":\"https:\/\/interesting-english.com\/es\/#\/schema\/logo\/image\/\",\"url\":\"https:\/\/interesting-english.com\/wp-content\/uploads\/2025\/02\/Faces-Black-ROBOTO-transparent-e1740053826858.png\",\"contentUrl\":\"https:\/\/interesting-english.com\/wp-content\/uploads\/2025\/02\/Faces-Black-ROBOTO-transparent-e1740053826858.png\",\"width\":500,\"height\":133,\"caption\":\"Interesting English\"},\"image\":{\"@id\":\"https:\/\/interesting-english.com\/es\/#\/schema\/logo\/image\/\"}}]}<\/script>\n<!-- \/ Yoast SEO Premium plugin. -->","yoast_head_json":{"title":"Pol\u00edtica de privacidad - Interesting English","description":"P\u00e1gina de pol\u00edtica de Privacidad de Interesting-english.com academ\u00eda de Ingl\u00e9s desde las Islas Canarias, Yusef Edris.","robots":{"index":"noindex","follow":"follow"},"og_locale":"es_ES","og_type":"article","og_title":"Pol\u00edtica de privacidad","og_description":"P\u00e1gina de pol\u00edtica de Privacidad de Interesting-english.com academ\u00eda de Ingl\u00e9s desde las Islas Canarias, Yusef Edris.","og_url":"https:\/\/interesting-english.com\/es\/politica-de-privacidad\/","og_site_name":"Interesting English","article_modified_time":"2025-11-25T10:17:26+00:00","og_image":[{"width":500,"height":134,"url":"https:\/\/interesting-english.com\/wp-content\/uploads\/2025\/02\/Faces-Black-text-transparent-e1740053383463.png","type":"image\/png"}],"twitter_card":"summary_large_image","twitter_misc":{"Tiempo de lectura":"1 minuto"},"schema":{"@context":"https:\/\/schema.org","@graph":[{"@type":"WebPage","@id":"https:\/\/interesting-english.com\/es\/politica-de-privacidad\/","url":"https:\/\/interesting-english.com\/es\/politica-de-privacidad\/","name":"Pol\u00edtica de privacidad - Interesting English","isPartOf":{"@id":"https:\/\/interesting-english.com\/es\/#website"},"primaryImageOfPage":{"@id":"https:\/\/interesting-english.com\/es\/politica-de-privacidad\/#primaryimage"},"image":{"@id":"https:\/\/interesting-english.com\/es\/politica-de-privacidad\/#primaryimage"},"thumbnailUrl":"https:\/\/interesting-english.com\/wp-content\/uploads\/2025\/02\/Faces-Black-text-transparent-e1740053383463.png","datePublished":"2025-02-04T09:21:46+00:00","dateModified":"2025-11-25T10:17:26+00:00","description":"P\u00e1gina de pol\u00edtica de Privacidad de Interesting-english.com academ\u00eda de Ingl\u00e9s desde las Islas Canarias, Yusef Edris.","breadcrumb":{"@id":"https:\/\/interesting-english.com\/es\/politica-de-privacidad\/#breadcrumb"},"inLanguage":"es","potentialAction":[{"@type":"ReadAction","target":["https:\/\/interesting-english.com\/es\/politica-de-privacidad\/"]}]},{"@type":"ImageObject","inLanguage":"es","@id":"https:\/\/interesting-english.com\/es\/politica-de-privacidad\/#primaryimage","url":"https:\/\/interesting-english.com\/wp-content\/uploads\/2025\/02\/Faces-Black-text-transparent-e1740053383463.png","contentUrl":"https:\/\/interesting-english.com\/wp-content\/uploads\/2025\/02\/Faces-Black-text-transparent-e1740053383463.png","width":500,"height":134,"caption":"Faces - Black text - transparent"},{"@type":"BreadcrumbList","@id":"https:\/\/interesting-english.com\/es\/politica-de-privacidad\/#breadcrumb","itemListElement":[{"@type":"ListItem","position":1,"name":"Home","item":"https:\/\/interesting-english.com\/es\/home-fse\/"},{"@type":"ListItem","position":2,"name":"Pol\u00edtica de privacidad"}]},{"@type":"WebSite","@id":"https:\/\/interesting-english.com\/es\/#website","url":"https:\/\/interesting-english.com\/es\/","name":"Interesting English","description":"A place to learn interesting things... and English","publisher":{"@id":"https:\/\/interesting-english.com\/es\/#organization"},"potentialAction":[{"@type":"SearchAction","target":{"@type":"EntryPoint","urlTemplate":"https:\/\/interesting-english.com\/es\/?s={search_term_string}"},"query-input":{"@type":"PropertyValueSpecification","valueRequired":true,"valueName":"search_term_string"}}],"inLanguage":"es"},{"@type":"Organization","@id":"https:\/\/interesting-english.com\/es\/#organization","name":"Interesting English","url":"https:\/\/interesting-english.com\/es\/","logo":{"@type":"ImageObject","inLanguage":"es","@id":"https:\/\/interesting-english.com\/es\/#\/schema\/logo\/image\/","url":"https:\/\/interesting-english.com\/wp-content\/uploads\/2025\/02\/Faces-Black-ROBOTO-transparent-e1740053826858.png","contentUrl":"https:\/\/interesting-english.com\/wp-content\/uploads\/2025\/02\/Faces-Black-ROBOTO-transparent-e1740053826858.png","width":500,"height":133,"caption":"Interesting English"},"image":{"@id":"https:\/\/interesting-english.com\/es\/#\/schema\/logo\/image\/"}}]}},"_links":{"self":[{"href":"https:\/\/interesting-english.com\/es\/wp-json\/wp\/v2\/pages\/16164","targetHints":{"allow":["GET"]}}],"collection":[{"href":"https:\/\/interesting-english.com\/es\/wp-json\/wp\/v2\/pages"}],"about":[{"href":"https:\/\/interesting-english.com\/es\/wp-json\/wp\/v2\/types\/page"}],"author":[{"embeddable":true,"href":"https:\/\/interesting-english.com\/es\/wp-json\/wp\/v2\/users\/8"}],"replies":[{"embeddable":true,"href":"https:\/\/interesting-english.com\/es\/wp-json\/wp\/v2\/comments?post=16164"}],"version-history":[{"count":3,"href":"https:\/\/interesting-english.com\/es\/wp-json\/wp\/v2\/pages\/16164\/revisions"}],"predecessor-version":[{"id":16168,"href":"https:\/\/interesting-english.com\/es\/wp-json\/wp\/v2\/pages\/16164\/revisions\/16168"}],"wp:featuredmedia":[{"embeddable":true,"href":"https:\/\/interesting-english.com\/es\/wp-json\/wp\/v2\/media\/16165"}],"wp:attachment":[{"href":"https:\/\/interesting-english.com\/es\/wp-json\/wp\/v2\/media?parent=16164"}],"curies":[{"name":"wp","href":"https:\/\/api.w.org\/{rel}","templated":true}]}}